{"id":114,"date":"2022-04-29T16:57:24","date_gmt":"2022-04-29T14:57:24","guid":{"rendered":"https:\/\/audace.units.it\/?page_id=114"},"modified":"2024-12-05T16:25:12","modified_gmt":"2024-12-05T15:25:12","slug":"dedalo","status":"publish","type":"page","link":"https:\/\/audace.units.it\/?page_id=114","title":{"rendered":"Dedalo"},"content":{"rendered":"\t\t<div data-elementor-type=\"wp-page\" data-elementor-id=\"114\" class=\"elementor elementor-114\" data-elementor-post-type=\"page\">\n\t\t\t\t\t\t<section class=\"elementor-section elementor-top-section elementor-element elementor-element-15d9b6bf elementor-section-boxed elementor-section-height-default elementor-section-height-default\" data-id=\"15d9b6bf\" data-element_type=\"section\" data-e-type=\"section\">\n\t\t\t\t\t\t<div class=\"elementor-container elementor-column-gap-default\">\n\t\t\t\t\t<div class=\"elementor-column elementor-col-100 elementor-top-column elementor-element elementor-element-719d2173\" data-id=\"719d2173\" data-element_type=\"column\" data-e-type=\"column\">\n\t\t\t<div class=\"elementor-widget-wrap elementor-element-populated\">\n\t\t\t\t\t\t<div class=\"elementor-element elementor-element-5849074b elementor-widget elementor-widget-text-editor\" data-id=\"5849074b\" data-element_type=\"widget\" data-e-type=\"widget\" data-widget_type=\"text-editor.default\">\n\t\t\t\t<div class=\"elementor-widget-container\">\n\t\t\t\t\t\t\t\t\t<p><\/p>\n<p><strong>Dedalo<\/strong> \u00e8 la prima imbarcazione nata dal lavoro del gruppo universitario Audace Sailing Team. Progettata durante l\u2019anno accademico 2019-2020, l\u2019imbarcazione \u00e8 stata poi costruita tra luglio e settembre 2020. La realizzazione di questo skiff di classe R3 ha rappresentato la prima fase di un progetto pi\u00f9 ampio, che prevedeva la creazione di due<br>imbarcazioni gemelle, con scafi di forma identica ma realizzati con materiali differenti. Infatti, Dedalo \u00e8 interamente in legno mentre la seconda imbarcazione \u00e8 costruita in materiale composito, con fibra di lino e resina bio based.<br>Nell\u2019ottica di questo progetto, Dedalo, oltre ad essere uno skiff perfettamente in grado di navigare, ha lo scopo ulteriore di fungere da modello per la realizzazione di uno stampo in vetroresina per la seconda imbarcazione. Eliminando la necessit\u00e0 di costruire uno stampo maschio ad hoc si \u00e8 reso pi\u00f9 efficiente il processo produttivo complessivo, con una notevole riduzione dei costi di produzione e del materiale di scarto.<\/p>\n<p><strong>Costruzione e materiali<\/strong><br>Dedalo \u00e8 interamente costruita in legno: l\u2019opera viva \u00e8 stata realizzata con la tecnica del legno modellato, utilizzando compensato di okum\u00e9e di mogano, mentre per i fianchi della imbarcazione si \u00e8 adottata la tecnologia del compensato marino moderno.<br>La tecnica del legno modellato consente di seguire forme di scafo complesse e si basa sul posizionamento di una serie di correnti longitudinali, incollati sulle strutture trasversali (a cui si aggiungono delle seste a perdere), su cui poi si procede ad avviare il fasciame. Il fasciame, di compensato marino, viene disposto su due strati con diversa angolazione, a formare una trama biassiale che di fatto consente di utilizzare il legno come un moderno materiale composito. I fianchi, dalla geometria semplice, sono stati realizzati con un unico pannello di compensato marino.<\/p><p><br><\/p>\n<p>Dalla posa dei primi elementi dello scalo alla presentazione della barca sono trascorsi poco pi\u00f9 di tre mesi.<br>Durante le 9 regate svoltesi a Mondello (Pa) a settembre 2021 per la <b>1001 Vela Cup<\/b>, Dedalo si \u00e8 quasi sempre classificato al primo posto, aggiudicandosi infine il trofeo.<br>Successivamente, nel 2022 Dedalo conquista il secondo posto alla 1001 Vela Cup ed infine nel 2024 si posiziona terza.<\/p>\n<p><\/p>\n<p><\/p>\n<p><\/p>\n<div class=\"wp-block-columns alignwide is-layout-flex wp-container-core-columns-is-layout-28f84493 wp-block-columns-is-layout-flex\">\n<p><\/p>\n<div class=\"wp-block-column has-accent-background-color has-text-color has-background has-link-color wp-elements-a204d6441eab9541ef752f2c8b53a4bb is-layout-flow wp-block-column-is-layout-flow\" style=\"color: #000000; padding: 2em;\">\n<p><\/p>\n<h2 class=\"has-text-align-center wp-block-heading\" id=\"single\" style=\"font-size: 40px;\"><strong>Dettagli tecnici<\/strong><\/h2>\n<p><\/p>\n<p><\/p>\n<hr class=\"wp-block-separator has-text-color has-css-opacity has-background is-style-wide\" style=\"background-color: #000000; color: #000000;\">\n<p><\/p>\n<p><\/p>\n<p class=\"has-white-color has-text-color\">Skiff classe R3<\/p>\n<p><\/p>\n<p><\/p>\n<p class=\"has-white-color has-text-color\">Lunghezza: 4,60m<\/p>\n<p><\/p>\n<p><\/p>\n<p class=\"has-white-color has-text-color\">Larghezza; 2,09 m<\/p>\n<p><\/p>\n<p><\/p>\n<p class=\"has-white-color has-text-color\">Area velica: 33mq<\/p>\n<p><\/p>\n<p><\/p>\n<p class=\"has-white-color has-text-color\">70% materiali riciclati\/naturali<\/p>\n<p><\/p>\n<p><\/p>\n<div class=\"wp-block-buttons is-horizontal is-content-justification-center is-layout-flex wp-container-core-buttons-is-layout-03627597 wp-block-buttons-is-layout-flex\"><\/div>\n<p><\/p>\n<\/div>\n<p><\/p>\n<p><\/p>\n<div class=\"wp-block-column has-text-color has-background has-link-color wp-elements-a6ca16c42c2bc98a30d23458af3214f9 is-layout-flow wp-block-column-is-layout-flow\" style=\"background-color: #b5bbbd; color: #000000; padding: 2em;\">\n<p><\/p>\n<h2 class=\"has-text-align-center wp-block-heading\" id=\"family\" style=\"font-size: 40px;\"><strong>Progettazione<\/strong><\/h2>\n<p><\/p>\n<p><\/p>\n<hr class=\"wp-block-separator has-css-opacity is-style-wide\">\n<p><\/p>\n<p><\/p>\n<p>La definizione delle forme di carena dello skiff \u00e8 stata svolta in modo nuovo, come risultato di un processo di ottimizzazione multiobiettivo. Il software <strong>modeFRONTIER<\/strong> di <strong>ESTECO<\/strong> ci ha permesso di trovare il miglior compromesso tra stabilit\u00e0 e resistenza all\u2019interno dei limiti imposti dal regolamento di classe. La progettazione strutturale di scafo e appendici \u00e8 stata validata con analisi agli elementi finiti (FEM), utilizzando software commerciali messi a disposizione dall\u2019ateneo.<\/p>\n<p><\/p>\n<p><\/p>\n<div class=\"wp-block-buttons is-horizontal is-content-justification-center is-layout-flex wp-container-core-buttons-is-layout-03627597 wp-block-buttons-is-layout-flex\"><\/div>\n<p><\/p>\n<\/div>\n<p><\/p>\n<\/div>\n<p><\/p>\n<p><\/p>\n<div class=\"wp-block-columns alignwide is-layout-flex wp-container-core-columns-is-layout-28f84493 wp-block-columns-is-layout-flex\">\n<p><\/p>\n<div class=\"wp-block-column has-text-color has-background has-link-color wp-elements-6b3f46513490e6cc0fe9febc12a37386 is-layout-flow wp-block-column-is-layout-flow\" style=\"background-color: #ffe97d; color: #000000; padding: 2em;\">\n<p><\/p>\n<h2 class=\"has-text-align-center wp-block-heading\" id=\"single\" style=\"font-size: 40px;\">Costruzione<\/h2>\n<p><\/p>\n<p><\/p>\n<hr class=\"wp-block-separator has-text-color has-css-opacity has-background is-style-wide\" style=\"background-color: #000000; color: #000000;\">\n<p><\/p>\n<p><\/p>\n<p>L\u2019imbarcazione \u00e8 stata costruita con la tecnica del legno modellato, utilizzando compensato di okum\u00e9e di mogano. Dalla posa dei primi elementi dello scalo alla presentazione della barca sono trascorsi poco pi\u00f9 di tre mesi. Dedalo testimonia la passione, dedizione e determinazionedimostrate da tutto il team.<\/p>\n<p><\/p>\n<p><\/p>\n<div class=\"wp-block-buttons is-horizontal is-content-justification-center is-layout-flex wp-container-core-buttons-is-layout-03627597 wp-block-buttons-is-layout-flex\"><\/div>\n<p><\/p>\n<\/div>\n<p><\/p>\n<p><\/p>\n<div class=\"wp-block-column has-text-color has-background has-link-color wp-elements-2e6947916860de3354e207ef2855c021 is-layout-flow wp-block-column-is-layout-flow\" style=\"background-color: #05a6f7; color: #000000; padding: 2em;\">\n<p><\/p>\n<h2 class=\"has-text-align-center wp-block-heading\" id=\"family\" style=\"font-size: 40px;\"><strong>La vittoria alla 1001Vela Cup<\/strong><\/h2>\n<p><\/p>\n<p><\/p>\n<hr class=\"wp-block-separator has-css-opacity is-style-wide\">\n<p><\/p>\n<p><\/p>\n<p>Durante le 9 regate svoltesi a Mondello (Pa) a settembre 2021, Dedalo si \u00e8 quasi sempre classificato al primo posto, aggiudicandosi infine il trofeo che ora dovr\u00e0 difendere a Monfalcone (Go) dal 26 al 29 settembre 2022.<\/p>\n<p><\/p>\n<p><\/p>\n<div class=\"wp-block-buttons is-horizontal is-content-justification-center is-layout-flex wp-container-core-buttons-is-layout-03627597 wp-block-buttons-is-layout-flex\"><\/div>\n<p><\/p>\n<\/div>\n<\/div>\n<figure class=\"wp-block-gallery has-nested-images columns-default is-cropped\">\n<p><\/p>\n<p><\/p>\n<p><\/p>\n<\/figure>\n<p><\/p>\t\t\t\t\t\t\t\t<\/div>\n\t\t\t\t<\/div>\n\t\t\t\t\t<\/div>\n\t\t<\/div>\n\t\t\t\t\t<\/div>\n\t\t<\/section>\n\t\t\t\t<section class=\"elementor-section elementor-top-section elementor-element elementor-element-95a87d0 elementor-section-boxed elementor-section-height-default elementor-section-height-default\" data-id=\"95a87d0\" data-element_type=\"section\" data-e-type=\"section\">\n\t\t\t\t\t\t<div class=\"elementor-container elementor-column-gap-default\">\n\t\t\t\t\t<div class=\"elementor-column elementor-col-100 elementor-top-column elementor-element elementor-element-c844f55\" data-id=\"c844f55\" data-element_type=\"column\" data-e-type=\"column\">\n\t\t\t<div class=\"elementor-widget-wrap elementor-element-populated\">\n\t\t\t\t\t\t<div class=\"elementor-element elementor-element-6eee2f9 elementor-arrows-position-inside elementor-pagination-position-outside elementor-widget elementor-widget-image-carousel\" data-id=\"6eee2f9\" data-element_type=\"widget\" data-e-type=\"widget\" data-settings=\"{&quot;slides_to_show&quot;:&quot;1&quot;,&quot;navigation&quot;:&quot;both&quot;,&quot;autoplay&quot;:&quot;yes&quot;,&quot;pause_on_hover&quot;:&quot;yes&quot;,&quot;pause_on_interaction&quot;:&quot;yes&quot;,&quot;autoplay_speed&quot;:5000,&quot;infinite&quot;:&quot;yes&quot;,&quot;effect&quot;:&quot;slide&quot;,&quot;speed&quot;:500}\" data-widget_type=\"image-carousel.default\">\n\t\t\t\t<div class=\"elementor-widget-container\">\n\t\t\t\t\t\t\t<div class=\"elementor-image-carousel-wrapper swiper\" role=\"region\" aria-roledescription=\"carousel\" aria-label=\"Carosello d&#039;immagini\" dir=\"ltr\">\n\t\t\t<div class=\"elementor-image-carousel swiper-wrapper\" aria-live=\"off\">\n\t\t\t\t\t\t\t\t<div class=\"swiper-slide\" role=\"group\" aria-roledescription=\"slide\" aria-label=\"1 di 5\"><figure class=\"swiper-slide-inner\"><img decoding=\"async\" class=\"swiper-slide-image\" src=\"https:\/\/audace.units.it\/wp-content\/uploads\/2023\/02\/DSC_0112-768x512.jpg\" alt=\"DSC_0112\" \/><\/figure><\/div><div class=\"swiper-slide\" role=\"group\" aria-roledescription=\"slide\" aria-label=\"2 di 5\"><figure class=\"swiper-slide-inner\"><img decoding=\"async\" class=\"swiper-slide-image\" src=\"https:\/\/audace.units.it\/wp-content\/uploads\/2023\/02\/DSC_0094-768x512.jpg\" alt=\"DSC_0094\" \/><\/figure><\/div><div class=\"swiper-slide\" role=\"group\" aria-roledescription=\"slide\" aria-label=\"3 di 5\"><figure class=\"swiper-slide-inner\"><img decoding=\"async\" class=\"swiper-slide-image\" src=\"https:\/\/audace.units.it\/wp-content\/uploads\/2023\/02\/IMG_2984-scaled-e1676544289466-768x767.jpg\" alt=\"IMG_2984\" \/><\/figure><\/div><div class=\"swiper-slide\" role=\"group\" aria-roledescription=\"slide\" aria-label=\"4 di 5\"><figure class=\"swiper-slide-inner\"><img decoding=\"async\" class=\"swiper-slide-image\" src=\"https:\/\/audace.units.it\/wp-content\/uploads\/2023\/02\/IMG_3003-768x512.jpg\" alt=\"IMG_3003\" \/><\/figure><\/div><div class=\"swiper-slide\" role=\"group\" aria-roledescription=\"slide\" aria-label=\"5 di 5\"><figure class=\"swiper-slide-inner\"><img decoding=\"async\" class=\"swiper-slide-image\" src=\"https:\/\/audace.units.it\/wp-content\/uploads\/2023\/02\/IMG_3148-768x512.jpg\" alt=\"IMG_3148\" \/><\/figure><\/div>\t\t\t<\/div>\n\t\t\t\t\t\t\t\t\t\t\t\t<div class=\"elementor-swiper-button elementor-swiper-button-prev\" role=\"button\" tabindex=\"0\">\n\t\t\t\t\t\t<i aria-hidden=\"true\" class=\"eicon-chevron-left\"><\/i>\t\t\t\t\t<\/div>\n\t\t\t\t\t<div class=\"elementor-swiper-button elementor-swiper-button-next\" role=\"button\" tabindex=\"0\">\n\t\t\t\t\t\t<i aria-hidden=\"true\" class=\"eicon-chevron-right\"><\/i>\t\t\t\t\t<\/div>\n\t\t\t\t\n\t\t\t\t\t\t\t\t\t<div class=\"swiper-pagination\"><\/div>\n\t\t\t\t\t\t\t\t\t<\/div>\n\t\t\t\t\t\t<\/div>\n\t\t\t\t<\/div>\n\t\t\t\t\t<\/div>\n\t\t<\/div>\n\t\t\t\t\t<\/div>\n\t\t<\/section>\n\t\t\t\t<section class=\"elementor-section elementor-top-section elementor-element elementor-element-40a94dc elementor-section-boxed elementor-section-height-default elementor-section-height-default\" data-id=\"40a94dc\" data-element_type=\"section\" data-e-type=\"section\">\n\t\t\t\t\t\t<div class=\"elementor-container elementor-column-gap-default\">\n\t\t\t\t\t<div class=\"elementor-column elementor-col-100 elementor-top-column elementor-element elementor-element-6bd230a\" data-id=\"6bd230a\" data-element_type=\"column\" data-e-type=\"column\">\n\t\t\t<div class=\"elementor-widget-wrap\">\n\t\t\t\t\t\t\t<\/div>\n\t\t<\/div>\n\t\t\t\t\t<\/div>\n\t\t<\/section>\n\t\t\t\t<section class=\"elementor-section elementor-top-section elementor-element elementor-element-a99dd67 elementor-section-boxed elementor-section-height-default elementor-section-height-default\" data-id=\"a99dd67\" data-element_type=\"section\" data-e-type=\"section\">\n\t\t\t\t\t\t<div class=\"elementor-container elementor-column-gap-default\">\n\t\t\t\t\t<div class=\"elementor-column elementor-col-100 elementor-top-column elementor-element elementor-element-6ee0e14\" data-id=\"6ee0e14\" data-element_type=\"column\" data-e-type=\"column\">\n\t\t\t<div class=\"elementor-widget-wrap elementor-element-populated\">\n\t\t\t\t\t\t<div class=\"elementor-element elementor-element-86f6bc6 elementor-arrows-position-inside elementor-pagination-position-outside elementor-widget elementor-widget-image-carousel\" data-id=\"86f6bc6\" data-element_type=\"widget\" data-e-type=\"widget\" data-settings=\"{&quot;slides_to_show&quot;:&quot;1&quot;,&quot;navigation&quot;:&quot;both&quot;,&quot;autoplay&quot;:&quot;yes&quot;,&quot;pause_on_hover&quot;:&quot;yes&quot;,&quot;pause_on_interaction&quot;:&quot;yes&quot;,&quot;autoplay_speed&quot;:5000,&quot;infinite&quot;:&quot;yes&quot;,&quot;effect&quot;:&quot;slide&quot;,&quot;speed&quot;:500}\" data-widget_type=\"image-carousel.default\">\n\t\t\t\t<div class=\"elementor-widget-container\">\n\t\t\t\t\t\t\t<div class=\"elementor-image-carousel-wrapper swiper\" role=\"region\" aria-roledescription=\"carousel\" aria-label=\"Carosello d&#039;immagini\" dir=\"ltr\">\n\t\t\t<div class=\"elementor-image-carousel swiper-wrapper swiper-image-stretch\" aria-live=\"off\">\n\t\t\t\t\t\t\t\t<div class=\"swiper-slide\" role=\"group\" aria-roledescription=\"slide\" aria-label=\"1 di 2\"><figure class=\"swiper-slide-inner\"><img decoding=\"async\" class=\"swiper-slide-image\" src=\"https:\/\/audace.units.it\/wp-content\/uploads\/2023\/02\/243054931_861401151230774_5843366455753934442_n-768x609.jpg\" alt=\"243054931_861401151230774_5843366455753934442_n\" \/><\/figure><\/div><div class=\"swiper-slide\" role=\"group\" aria-roledescription=\"slide\" aria-label=\"2 di 2\"><figure class=\"swiper-slide-inner\"><img decoding=\"async\" class=\"swiper-slide-image\" src=\"https:\/\/audace.units.it\/wp-content\/uploads\/2022\/05\/dedalo_monfalcone_2022_DSC04407-768x512.jpg\" alt=\"dedalo_monfalcone_2022_DSC04407\" \/><\/figure><\/div>\t\t\t<\/div>\n\t\t\t\t\t\t\t\t\t\t\t\t<div class=\"elementor-swiper-button elementor-swiper-button-prev\" role=\"button\" tabindex=\"0\">\n\t\t\t\t\t\t<i aria-hidden=\"true\" class=\"eicon-chevron-left\"><\/i>\t\t\t\t\t<\/div>\n\t\t\t\t\t<div class=\"elementor-swiper-button elementor-swiper-button-next\" role=\"button\" tabindex=\"0\">\n\t\t\t\t\t\t<i aria-hidden=\"true\" class=\"eicon-chevron-right\"><\/i>\t\t\t\t\t<\/div>\n\t\t\t\t\n\t\t\t\t\t\t\t\t\t<div class=\"swiper-pagination\"><\/div>\n\t\t\t\t\t\t\t\t\t<\/div>\n\t\t\t\t\t\t<\/div>\n\t\t\t\t<\/div>\n\t\t\t\t\t<\/div>\n\t\t<\/div>\n\t\t\t\t\t<\/div>\n\t\t<\/section>\n\t\t\t\t<section class=\"elementor-section elementor-top-section elementor-element elementor-element-0e99a93 elementor-section-boxed elementor-section-height-default elementor-section-height-default\" data-id=\"0e99a93\" data-element_type=\"section\" data-e-type=\"section\">\n\t\t\t\t\t\t<div class=\"elementor-container elementor-column-gap-default\">\n\t\t\t\t\t<div class=\"elementor-column elementor-col-100 elementor-top-column elementor-element elementor-element-cdb17ef\" data-id=\"cdb17ef\" data-element_type=\"column\" data-e-type=\"column\">\n\t\t\t<div class=\"elementor-widget-wrap elementor-element-populated\">\n\t\t\t\t\t\t<div class=\"elementor-element elementor-element-5c27352 elementor-widget elementor-widget-image\" data-id=\"5c27352\" data-element_type=\"widget\" data-e-type=\"widget\" data-widget_type=\"image.default\">\n\t\t\t\t<div class=\"elementor-widget-container\">\n\t\t\t\t\t\t\t\t\t\t\t\t\t\t\t<img fetchpriority=\"high\" decoding=\"async\" width=\"683\" height=\"1024\" src=\"https:\/\/audace.units.it\/wp-content\/uploads\/2022\/05\/dedalo_monfalcone_2022_DSC04421-683x1024.jpg\" class=\"attachment-large size-large wp-image-333\" alt=\"\" srcset=\"https:\/\/audace.units.it\/wp-content\/uploads\/2022\/05\/dedalo_monfalcone_2022_DSC04421-683x1024.jpg 683w, https:\/\/audace.units.it\/wp-content\/uploads\/2022\/05\/dedalo_monfalcone_2022_DSC04421-scaled-600x900.jpg 600w, https:\/\/audace.units.it\/wp-content\/uploads\/2022\/05\/dedalo_monfalcone_2022_DSC04421-200x300.jpg 200w, https:\/\/audace.units.it\/wp-content\/uploads\/2022\/05\/dedalo_monfalcone_2022_DSC04421-768x1152.jpg 768w, https:\/\/audace.units.it\/wp-content\/uploads\/2022\/05\/dedalo_monfalcone_2022_DSC04421-1024x1536.jpg 1024w, https:\/\/audace.units.it\/wp-content\/uploads\/2022\/05\/dedalo_monfalcone_2022_DSC04421-1365x2048.jpg 1365w, https:\/\/audace.units.it\/wp-content\/uploads\/2022\/05\/dedalo_monfalcone_2022_DSC04421-scaled.jpg 1707w\" sizes=\"(max-width: 683px) 100vw, 683px\" \/>\t\t\t\t\t\t\t\t\t\t\t\t\t\t\t<\/div>\n\t\t\t\t<\/div>\n\t\t\t\t\t<\/div>\n\t\t<\/div>\n\t\t\t\t\t<\/div>\n\t\t<\/section>\n\t\t\t\t<\/div>\n\t\t","protected":false},"excerpt":{"rendered":"<p>Dedalo \u00e8 la prima imbarcazione nata dal lavoro del gruppo universitario Audace Sailing Team. Progettata durante l\u2019anno accademico 2019-2020, l\u2019imbarcazione \u00e8 stata poi costruita tra luglio e settembre 2020. La realizzazione di questo skiff di classe R3 ha rappresentato la prima fase di un progetto pi\u00f9 ampio, che prevedeva la [&hellip;]<\/p>\n","protected":false},"author":1,"featured_media":37,"parent":112,"menu_order":0,"comment_status":"closed","ping_status":"closed","template":"","meta":{"footnotes":""},"class_list":["post-114","page","type-page","status-publish","has-post-thumbnail","hentry"],"_links":{"self":[{"href":"https:\/\/audace.units.it\/index.php?rest_route=\/wp\/v2\/pages\/114","targetHints":{"allow":["GET"]}}],"collection":[{"href":"https:\/\/audace.units.it\/index.php?rest_route=\/wp\/v2\/pages"}],"about":[{"href":"https:\/\/audace.units.it\/index.php?rest_route=\/wp\/v2\/types\/page"}],"author":[{"embeddable":true,"href":"https:\/\/audace.units.it\/index.php?rest_route=\/wp\/v2\/users\/1"}],"replies":[{"embeddable":true,"href":"https:\/\/audace.units.it\/index.php?rest_route=%2Fwp%2Fv2%2Fcomments&post=114"}],"version-history":[{"count":26,"href":"https:\/\/audace.units.it\/index.php?rest_route=\/wp\/v2\/pages\/114\/revisions"}],"predecessor-version":[{"id":3153,"href":"https:\/\/audace.units.it\/index.php?rest_route=\/wp\/v2\/pages\/114\/revisions\/3153"}],"up":[{"embeddable":true,"href":"https:\/\/audace.units.it\/index.php?rest_route=\/wp\/v2\/pages\/112"}],"wp:featuredmedia":[{"embeddable":true,"href":"https:\/\/audace.units.it\/index.php?rest_route=\/wp\/v2\/media\/37"}],"wp:attachment":[{"href":"https:\/\/audace.units.it\/index.php?rest_route=%2Fwp%2Fv2%2Fmedia&parent=114"}],"curies":[{"name":"wp","href":"https:\/\/api.w.org\/{rel}","templated":true}]}}