{"id":2495,"date":"2024-03-11T16:11:57","date_gmt":"2024-03-11T15:11:57","guid":{"rendered":"https:\/\/audace.units.it\/?page_id=2495"},"modified":"2024-12-02T09:31:48","modified_gmt":"2024-12-02T08:31:48","slug":"la-nostra-storia","status":"publish","type":"page","link":"https:\/\/audace.units.it\/?page_id=2495","title":{"rendered":"La nostra storia"},"content":{"rendered":"\t\t<div data-elementor-type=\"wp-page\" data-elementor-id=\"2495\" class=\"elementor elementor-2495\" data-elementor-post-type=\"page\">\n\t\t\t\t\t\t<section class=\"elementor-section elementor-top-section elementor-element elementor-element-63725fb elementor-section-boxed elementor-section-height-default elementor-section-height-default\" data-id=\"63725fb\" data-element_type=\"section\" data-e-type=\"section\">\n\t\t\t\t\t\t<div class=\"elementor-container elementor-column-gap-default\">\n\t\t\t\t\t<div class=\"elementor-column elementor-col-100 elementor-top-column elementor-element elementor-element-182bdae\" data-id=\"182bdae\" data-element_type=\"column\" data-e-type=\"column\">\n\t\t\t<div class=\"elementor-widget-wrap elementor-element-populated\">\n\t\t\t\t\t\t<div class=\"elementor-element elementor-element-00c216c elementor-widget elementor-widget-spacer\" data-id=\"00c216c\" data-element_type=\"widget\" data-e-type=\"widget\" data-widget_type=\"spacer.default\">\n\t\t\t\t<div class=\"elementor-widget-container\">\n\t\t\t\t\t\t\t<div class=\"elementor-spacer\">\n\t\t\t<div class=\"elementor-spacer-inner\"><\/div>\n\t\t<\/div>\n\t\t\t\t\t\t<\/div>\n\t\t\t\t<\/div>\n\t\t\t\t<div class=\"elementor-element elementor-element-40bd7e0 elementor-widget elementor-widget-heading\" data-id=\"40bd7e0\" data-element_type=\"widget\" data-e-type=\"widget\" data-widget_type=\"heading.default\">\n\t\t\t\t<div class=\"elementor-widget-container\">\n\t\t\t\t\t<h2 class=\"elementor-heading-title elementor-size-default\">Audace Sailing Team<\/h2>\t\t\t\t<\/div>\n\t\t\t\t<\/div>\n\t\t\t\t<div class=\"elementor-element elementor-element-000ebe1 elementor-arrows-position-inside elementor-pagination-position-outside elementor-widget elementor-widget-image-carousel\" data-id=\"000ebe1\" data-element_type=\"widget\" data-e-type=\"widget\" data-settings=\"{&quot;slides_to_show&quot;:&quot;3&quot;,&quot;image_spacing_custom&quot;:{&quot;unit&quot;:&quot;px&quot;,&quot;size&quot;:25,&quot;sizes&quot;:[]},&quot;autoplay_speed&quot;:8000,&quot;navigation&quot;:&quot;both&quot;,&quot;autoplay&quot;:&quot;yes&quot;,&quot;pause_on_hover&quot;:&quot;yes&quot;,&quot;pause_on_interaction&quot;:&quot;yes&quot;,&quot;infinite&quot;:&quot;yes&quot;,&quot;speed&quot;:500,&quot;image_spacing_custom_tablet&quot;:{&quot;unit&quot;:&quot;px&quot;,&quot;size&quot;:&quot;&quot;,&quot;sizes&quot;:[]},&quot;image_spacing_custom_mobile&quot;:{&quot;unit&quot;:&quot;px&quot;,&quot;size&quot;:&quot;&quot;,&quot;sizes&quot;:[]}}\" data-widget_type=\"image-carousel.default\">\n\t\t\t\t<div class=\"elementor-widget-container\">\n\t\t\t\t\t\t\t<div class=\"elementor-image-carousel-wrapper swiper\" role=\"region\" aria-roledescription=\"carousel\" aria-label=\"Carosello d&#039;immagini\" dir=\"ltr\">\n\t\t\t<div class=\"elementor-image-carousel swiper-wrapper swiper-image-stretch\" aria-live=\"off\">\n\t\t\t\t\t\t\t\t<div class=\"swiper-slide\" role=\"group\" aria-roledescription=\"slide\" aria-label=\"1 di 7\"><figure class=\"swiper-slide-inner\"><img decoding=\"async\" class=\"swiper-slide-image\" src=\"https:\/\/audace.units.it\/wp-content\/uploads\/2024\/03\/Team.png\" alt=\"Team\" \/><\/figure><\/div><div class=\"swiper-slide\" role=\"group\" aria-roledescription=\"slide\" aria-label=\"2 di 7\"><figure class=\"swiper-slide-inner\"><img decoding=\"async\" class=\"swiper-slide-image\" src=\"https:\/\/audace.units.it\/wp-content\/uploads\/2024\/03\/Dedalo.png\" alt=\"Dedalo\" \/><\/figure><\/div><div class=\"swiper-slide\" role=\"group\" aria-roledescription=\"slide\" aria-label=\"3 di 7\"><figure class=\"swiper-slide-inner\"><img decoding=\"async\" class=\"swiper-slide-image\" src=\"https:\/\/audace.units.it\/wp-content\/uploads\/2024\/03\/5.png\" alt=\"5\" \/><\/figure><\/div><div class=\"swiper-slide\" role=\"group\" aria-roledescription=\"slide\" aria-label=\"4 di 7\"><figure class=\"swiper-slide-inner\"><img decoding=\"async\" class=\"swiper-slide-image\" src=\"https:\/\/audace.units.it\/wp-content\/uploads\/2024\/03\/Lina.png\" alt=\"Lina\" \/><\/figure><\/div><div class=\"swiper-slide\" role=\"group\" aria-roledescription=\"slide\" aria-label=\"5 di 7\"><figure class=\"swiper-slide-inner\"><img decoding=\"async\" class=\"swiper-slide-image\" src=\"https:\/\/audace.units.it\/wp-content\/uploads\/2024\/03\/Lina-Rossa.png\" alt=\"Lina Rossa\" \/><\/figure><\/div><div class=\"swiper-slide\" role=\"group\" aria-roledescription=\"slide\" aria-label=\"6 di 7\"><figure class=\"swiper-slide-inner\"><img decoding=\"async\" class=\"swiper-slide-image\" src=\"https:\/\/audace.units.it\/wp-content\/uploads\/2024\/03\/4.png\" alt=\"4\" \/><\/figure><\/div><div class=\"swiper-slide\" role=\"group\" aria-roledescription=\"slide\" aria-label=\"7 di 7\"><figure class=\"swiper-slide-inner\"><img decoding=\"async\" class=\"swiper-slide-image\" src=\"https:\/\/audace.units.it\/wp-content\/uploads\/2024\/03\/MOTH.png\" alt=\"MOTH\" \/><\/figure><\/div>\t\t\t<\/div>\n\t\t\t\t\t\t\t\t\t\t\t\t<div class=\"elementor-swiper-button elementor-swiper-button-prev\" role=\"button\" tabindex=\"0\">\n\t\t\t\t\t\t<i aria-hidden=\"true\" class=\"eicon-chevron-left\"><\/i>\t\t\t\t\t<\/div>\n\t\t\t\t\t<div class=\"elementor-swiper-button elementor-swiper-button-next\" role=\"button\" tabindex=\"0\">\n\t\t\t\t\t\t<i aria-hidden=\"true\" class=\"eicon-chevron-right\"><\/i>\t\t\t\t\t<\/div>\n\t\t\t\t\n\t\t\t\t\t\t\t\t\t<div class=\"swiper-pagination\"><\/div>\n\t\t\t\t\t\t\t\t\t<\/div>\n\t\t\t\t\t\t<\/div>\n\t\t\t\t<\/div>\n\t\t\t\t<div class=\"elementor-element elementor-element-e360569 elementor-widget elementor-widget-heading\" data-id=\"e360569\" data-element_type=\"widget\" data-e-type=\"widget\" data-widget_type=\"heading.default\">\n\t\t\t\t<div class=\"elementor-widget-container\">\n\t\t\t\t\t<h2 class=\"elementor-heading-title elementor-size-default\">Dalle aule al mare: la nascita del team<\/h2>\t\t\t\t<\/div>\n\t\t\t\t<\/div>\n\t\t\t\t<div class=\"elementor-element elementor-element-9f3dcd6 elementor-widget__width-inherit elementor-widget elementor-widget-text-editor\" data-id=\"9f3dcd6\" data-element_type=\"widget\" data-e-type=\"widget\" data-widget_type=\"text-editor.default\">\n\t\t\t\t<div class=\"elementor-widget-container\">\n\t\t\t\t\t\t\t\t\t<p style=\"padding-left: 80px;\"><span style=\"font-size: 14pt;\">La nostra storia comincia con un gruppo di studenti di ingegneria, desiderosi di sporcarsi le mani e mettere in pratica quanto appreso in aula, tutti con una grande passione: la vela.<\/span><br \/><span style=\"font-size: 14pt;\">In cerca di opportunit\u00e0 su questa linea, scopriamo la 1001 VelaCup, regata che sfida gli studenti a competere sui propri skiff classe R3 progettati e costruiti con almeno il 75% di materiali ecosostenibili. I primi tempi sono di organizzazione del gruppo, reclutamento, adattamento degli spazi a cantiere e creazione di un ufficio. Ma da l\u00ec si parte con il primo ambizioso progetto.<\/span><\/p><p style=\"padding-left: 80px;\"><span style=\"font-size: 14pt;\">L\u2019idea iniziale \u00e8 quella di creare uno skiff in composito, ma ci scontriamo da subito con la prima difficolt\u00e0. Per una barca in composito serve uno stampo in vetroresina, che richiede un plug in legno, destinato ad essere buttato via. Fedeli agli obiettivi di sostenibilit\u00e0, decidiamo di cambiare i nostri piani e far partire un progetto pi\u00f9 ampio, comprensivo di due barche gemelle: Dedalo, costruita in legno, avrebbe fatto da plug per lo stampo della seconda barca, Lina, costruita in<strong> fibra di lino e resina epossidica biobased.\u00a0<\/strong>A fine corsa, avremmo avuto due barche perfettamente in grado di navigare.<\/span><\/p><p style=\"padding-left: 80px;\"><span style=\"font-size: 14pt;\">Nonostante le numerose difficolt\u00e0 -limiti di budget, lavoro a distanza (erano i tempi del Covid-19!) e relativa inesperienza- eravamo determinati a portare a termine il progetto. Nell\u2019estate del 2020, dopo la prima ondata, vediamo finalmente la nostra Dedalo in acqua. Gran parte del processo costruttivo viene completato in-house, all\u2019interno dell\u2019universit\u00e0 nel nostro<strong> EcoSailing Lab<\/strong>. Nel frattempo il team si ingrandisce e si decide di non limitare questa possibilit\u00e0 ai soli studenti di ingegneria. Entrano cos\u00ec nuovi membri da varie facolt\u00e0, e con loro un\u2019ampia gamma di nuove competenze fondamentali.<\/span><\/p><p style=\"padding-left: 80px;\"><span style=\"font-size: 14pt;\">Costruiamo dunque Lina e, dopo un anno di duro lavoro, nottate in cantiere e giorni a laminare sotto il sole, partiamo alla volta di Mondello per la nostra prima edizione della 1001VelaCup. Le aspettative sono alte. E la nostra dedizione viene ripagata, <strong>con il trionfo di Dedalo, <\/strong>portata da Matija Succi al timone e Alberto Tezza a prua.<\/span><\/p>\t\t\t\t\t\t\t\t<\/div>\n\t\t\t\t<\/div>\n\t\t\t\t<div class=\"elementor-element elementor-element-9284b52 elementor-widget elementor-widget-heading\" data-id=\"9284b52\" data-element_type=\"widget\" data-e-type=\"widget\" data-widget_type=\"heading.default\">\n\t\t\t\t<div class=\"elementor-widget-container\">\n\t\t\t\t\t<h2 class=\"elementor-heading-title elementor-size-default\">BAI - Lina Rossa e le vittorie del 2022<\/h2>\t\t\t\t<\/div>\n\t\t\t\t<\/div>\n\t\t\t\t<div class=\"elementor-element elementor-element-aca794e elementor-widget elementor-widget-text-editor\" data-id=\"aca794e\" data-element_type=\"widget\" data-e-type=\"widget\" data-widget_type=\"text-editor.default\">\n\t\t\t\t<div class=\"elementor-widget-container\">\n\t\t\t\t\t\t\t\t\t<p style=\"padding-left: 80px;\"><span style=\"font-size: 14pt;\">Con Dedalo e Lina in acqua, eravamo desiderosi di fare ancora di pi\u00f9. Volevamo uno skiff che racchiudesse tutte le migliori caratteristiche della flotta. Barca 3, ancora innominata, doveva <strong>ereditare<\/strong> <strong>le linee d\u2019acqua ottimizzate di Dedalo<\/strong> e le sue appendici, <strong>coniugandole con i materiali di Lina e l\u2019esperienza<\/strong> che avevamo maturato durante la sua costruzione. Nel frattempo, si poneva un altro problema: il nome! La tradizione che avevamo instaurato era quella di omaggiare la barca precedente, infatti Lina, oltre a giocare sull\u2019utilizzo del lino (attenzione che qua stiamo rendendovi partecipi di retroscena segreti!), prendeva il suo nome da Dedalina, il vezzeggiativo utilizzato durante la costruzione di Dedalo. Cos\u00ec Barca 3, nelle notti in cantiere, diventava Linetta, Lina 2\u2026fino a quando abbiamo deciso che la livrea sarebbe stata rossa, e il resto \u00e8 storia!<\/span><\/p>\n<p style=\"padding-left: 80px;\"><span style=\"font-size: 14pt;\">Le nostre scelte progettuali e gli sforzi compiuti per perfezionare la tecnica dell\u2019infusione a vuoto hanno portato a un risultato sorprendente: lo scafo di Bai-Lina Rossa (il guscio) <strong>pesa solo 21 kg<\/strong> e la barca intera (armo escluso) solo 65 kg circa!<\/span><\/p>\n<p style=\"padding-left: 80px;\"><span style=\"font-size: 14pt;\">A settembre ci ritroviamo a Monfalcone, per l\u2019edizione 2022 della 1001VelaCup. Variamo la barca due giorni prima della regata, con tutte le ansie che da ci\u00f2 derivano. Ma Lina Rossa, con Andrea Parmegiani al timone e Francesco Ripandelli a prua, non delude: <b>primo giorno di regata, prima prova, primo posto. <\/b><\/span><br><span style=\"font-size: 14pt;\">E da l\u00ec non si ferma, in tre giorni, porta a casa sei primi posti su otto prove, dimostrando un\u2019incredibile affidabilit\u00e0 appena messa in acqua, nessun cenno di cedimento!<\/span><\/p>\n<p style=\"padding-left: 80px;\"><span style=\"font-size: 14pt;\">Il bello della 1001VelaCup \u00e8 che non \u00e8 una regata in cui l\u2019equipaggio partecipa da solo. L\u2019intero team l\u2019affianca, si d\u00e0 il cambio per tenere il fiato sospeso sul gommone. Lo shore team \u00e8 sempre pronto alla sistemazione dell\u2019ultimo minuto, il coach a consigli di tattica, gli amici ad un abbraccio confortante. E a questa edizione il tifo \u00e8 tanto: vengono gli sponsor, la Rai, addirittura gli \u201canziani\u201d fondatori del team prendono ferie e organizzano una barca di tifo agguerrito.<\/span><\/p>\n<p style=\"padding-left: 80px;\"><span style=\"font-size: 14pt;\">Sono giorni di grande emozione e, se dobbiamo dirla tutta, di molte lacrime di gioia e soddisfazione.<\/span><br><span style=\"font-size: 14pt;\">La nostra passione viene ripagata nel migliore dei modi: <strong>Bai &#8211; Lina Rossa domina su tutte, vincendo non solo la regata ma anche il DRIF Award grazie al suo design innovativo.<\/strong> <\/span><br><span style=\"font-size: 14pt;\">E non \u00e8 finita qui: <br><\/span><span style=\"font-size: 14pt;\"><b>Dedalo<\/b><b>&nbsp;conclude subito dietro BAI &#8211; Lina Rossa, in entrambe le competizioni<\/b>. <br><strong>Lina chiude quarta<\/strong>, ad un pelo dal podio&#8230; non volevamo esagerare!<\/span><\/p>\t\t\t\t\t\t\t\t<\/div>\n\t\t\t\t<\/div>\n\t\t\t\t<div class=\"elementor-element elementor-element-92d9659 elementor-widget elementor-widget-heading\" data-id=\"92d9659\" data-element_type=\"widget\" data-e-type=\"widget\" data-widget_type=\"heading.default\">\n\t\t\t\t<div class=\"elementor-widget-container\">\n\t\t\t\t\t<h2 class=\"elementor-heading-title elementor-size-default\">Il nostro 2023: la storia continua <\/h2>\t\t\t\t<\/div>\n\t\t\t\t<\/div>\n\t\t\t\t\t<\/div>\n\t\t<\/div>\n\t\t\t\t\t<\/div>\n\t\t<\/section>\n\t\t\t\t<section class=\"elementor-section elementor-top-section elementor-element elementor-element-53d2354 elementor-section-boxed elementor-section-height-default elementor-section-height-default\" data-id=\"53d2354\" data-element_type=\"section\" data-e-type=\"section\">\n\t\t\t\t\t\t<div class=\"elementor-container elementor-column-gap-default\">\n\t\t\t\t\t<div class=\"elementor-column elementor-col-100 elementor-top-column elementor-element elementor-element-c9d577d\" data-id=\"c9d577d\" data-element_type=\"column\" data-e-type=\"column\">\n\t\t\t<div class=\"elementor-widget-wrap elementor-element-populated\">\n\t\t\t\t\t\t<div class=\"elementor-element elementor-element-989e454 elementor-widget elementor-widget-text-editor\" data-id=\"989e454\" data-element_type=\"widget\" data-e-type=\"widget\" data-widget_type=\"text-editor.default\">\n\t\t\t\t<div class=\"elementor-widget-container\">\n\t\t\t\t\t\t\t\t\t<p style=\"padding-left: 80px;\"><strong><span style=\"font-size: 18pt;\">La SuMoth challenge: il primo volo di BAI &#8211; Flying Lina<\/span><\/strong><\/p><p style=\"padding-left: 80px;\"><span style=\"font-size: 14pt;\">Carichi di sentimenti positivi il Team ha deciso di accettare una nuova sfida dopo aver raggiunto tutti gli obiettivi fissati per la 1001 VelaCup: l&#8217;iscrizione alla Sumoth Challenge. Quest&#8217;ultima \u00e8 una competizione internazionale che richiede la progettazione e la costruzione di un Moth, una barca foilante simile a quelle utilizzate nella Coppa America. La nostra ambizione non si \u00e8 limitata alla semplice realizzazione di una barca volante ma anche all\u2019utilizzo di materiali sostenibili. Sebbene il carbonio sia il materiale tradizionalmente preferito per le barche ad alte prestazioni, coniugando eccezionali propriet\u00e0 meccaniche con una leggerezza estrema, i membri del Team sono consapevoli del suo significativo impatto ambientale.\u00a0<\/span><\/p><div class=\"flex-1 overflow-hidden\"><div class=\"react-scroll-to-bottom--css-hfznb-79elbk h-full\"><div class=\"react-scroll-to-bottom--css-hfznb-1n7m0yu\"><div><div class=\"flex flex-col text-sm pb-9\"><div class=\"w-full text-token-text-primary\" dir=\"auto\" data-testid=\"conversation-turn-5\"><div class=\"px-4 py-2 justify-center text-base md:gap-6 m-auto\"><div class=\"flex flex-1 text-base mx-auto gap-3 juice:gap-4 juice:md:gap-6 md:px-5 lg:px-1 xl:px-5 md:max-w-3xl lg:max-w-[40rem] xl:max-w-[48rem] group final-completion\"><div class=\"relative flex w-full flex-col agent-turn\"><div class=\"flex-col gap-1 md:gap-3\"><div class=\"flex flex-grow flex-col max-w-full\"><div data-message-author-role=\"assistant\" data-message-id=\"f9d9a92c-8079-49d1-8f5f-5636243d0ece\" dir=\"auto\" class=\"min-h-[20px] text-message flex flex-col items-start gap-3 whitespace-pre-wrap break-words [.text-message+&amp;]:mt-5 overflow-x-auto\"><div class=\"markdown prose w-full break-words dark:prose-invert light\"><p style=\"padding-left: 80px;\"><span style=\"font-size: 14pt;\">La narrazione della barca BAI &#8211; Flying Lina, immersa nella stimolante avventura della sfida SuMoth, si snoda attraverso un meticoloso susseguirsi di fasi e decisioni cruciali. In questa competizione ad alta tensione, le regole sono ferree, abbracciando le specifiche di classe Moth e il regolamento SuMoth. Un vincolo cruciale si evince dai &#8220;costi&#8221; standardizzati dei materiali utilizzati, valutati in &#8220;SM$&#8221; (dollari SuMoth): un approccio che premia la sostenibilit\u00e0, abbattendo i costi in dollari SuMoth per materiali eco-compatibili.<\/span><\/p><p style=\"padding-left: 80px;\"><span style=\"font-size: 14pt;\">Il progetto \u00e8 articolato in diverse aree funzionali, ognuna affidata a un team con un responsabile dedicato.<\/span><\/p><p style=\"padding-left: 80px;\"><span style=\"font-size: 14pt;\">Nel dettagliare la progettazione dello scafo, l&#8217;attenzione si focalizza sulla forma originale, con uno studio approfondito delle prestazioni in fase dislocante, garantendo stabilit\u00e0, galleggiamento e bassa resistenza al decollo, per un perfetto equilibrio tra aerodinamicit\u00e0 e comfort per il velista. Grazie all&#8217;utilizzo di modeFRONTIER, il ciclo di ottimizzazione esplora rapidamente le opzioni progettuali, integrando considerazioni idrostatiche e previsioni di resistenza (Holtrop).<\/span><\/p><p style=\"padding-left: 80px;\"><span style=\"font-size: 14pt;\">La coperta \u00e8 pensata per agevolare la costruzione e l&#8217;organizzazione dell&#8217;attrezzatura, mentre le terrazze rigide, realizzate con travi in sandwich e pannelli rinforzati, superano le sfide legate ai trampolini.<\/span><\/p><p style=\"padding-left: 80px;\"><span style=\"font-size: 14pt;\">Per quanto riguarda i materiali, la fibra di lino si conferma come scelta primaria per il corpo principale, mentre per le appendici si adotta una combinazione innovativa del 50% di fibra di lino e il 50% di carbonio nuovo e di recupero. Le prove strutturali FEM, con particolare attenzione al giunto T, guidano la selezione delle dimensioni e dei materiali utilizzati.<\/span><\/p><p style=\"padding-left: 80px;\"><span style=\"font-size: 14pt;\">La fase di produzione vede l&#8217;impiego della tecnica dello stampo femmina diretto per la realizzazione dello scafo, tramite strip planking in legno, una soluzione innovativa mai utilizzata nei cantieri dell&#8217;Alto Adriatico. La creazione del moth \u00e8 stata ottimizzata utilizzando la tecnica del compression moulding; vengono disposti due stampi in alluminio fresati tramite CNC (controllo numerico computerizzato). Successivamente il modello 3D viene suddiviso in vari strati, ciascuno dei quali viene in seguito laminato a mano, impregnato di resina e poi disposto sugli stampi secondo un piano di laminazione definito. Lo stampo viene riempito con le pelli di fibra, chiuso con delle viti esercitando una compressione sulle fibre che garantisce una distribuzione omogenea ed uno spessore ridotto.<\/span><\/p><p style=\"padding-left: 80px;\"><span style=\"font-size: 14pt;\">\u00a0<\/span><\/p><p style=\"padding-left: 80px;\"><span style=\"font-size: 14pt;\">\u00a0<\/span><\/p><p style=\"padding-left: 80px;\"><span style=\"font-size: 14pt;\">Il successo non si fa attendere: <strong>BAI &#8211; Flying Lina si aggiudica il primo posto alla Sumoth Challenge 2023<\/strong>, stabilendo anche il <strong>record di velocit\u00e0 di 23 nodi<\/strong> nella medesima competizione. Non solo una vittoria sportiva, ma il trionfo della visione di vela ecosostenibile e del lavoro di squadra pionieristico che ha portato alla realizzazione della prima barca volante progettata dall&#8217;Audace Sailing Team.<\/span><\/p><\/div><\/div><\/div><\/div><div class=\"absolute\"><div class=\"flex w-full gap-2 items-center justify-center\" style=\"padding-left: 40px;\"><\/div><\/div><\/div><\/div><\/div><\/div><\/div><\/div><\/div><\/div><\/div>\t\t\t\t\t\t\t\t<\/div>\n\t\t\t\t<\/div>\n\t\t\t\t<div class=\"elementor-element elementor-element-a1a8f63 elementor-widget elementor-widget-text-editor\" data-id=\"a1a8f63\" data-element_type=\"widget\" data-e-type=\"widget\" data-widget_type=\"text-editor.default\">\n\t\t\t\t<div class=\"elementor-widget-container\">\n\t\t\t\t\t\t\t\t\t<p style=\"padding-left: 80px;\"><strong><span style=\"font-size: 18pt;\">Stimolanti relazioni con il pubblico e le basi per il futuro<\/span><\/strong><\/p><p style=\"padding-left: 80px;\"><span style=\"font-size: 14pt;\">In seguito alla conclusionedella 1001VelaCup, per il team c&#8217;\u00e8 stato un periodo di si<\/span><span style=\"font-size: 18.6667px;\">\u00a0<\/span><span style=\"font-size: 14pt;\">gnificativo entusiasmo, caratterizzato da una serie di eccezionali e coinvolgenti eventi. Tra questi la partecipazione alla Barcolana con l&#8217;esposizione della nostra imbarcazione Bai-Lina Rossa in piazza Unit\u00e0, l&#8217;inclusione sulla copertina del volume XIV di The Triestiner, e un&#8217;intervista su Rai1 con trasmissione in diretta su Linea Blu. Inoltre, abbiamo organizzato conferenze che hanno visto la partecipazione di figure di spicco come Matteo Ledri e Andrea Zugna del team Luna Rossa Prada Pirelli. Questo periodo ha rappresentato un&#8217;opportunit\u00e0 unica per condividere la nostra storia e le nostre soddisfazioni con il pubblico.\u00a0<\/span><\/p><p style=\"padding-left: 80px;\"><span style=\"font-size: 14pt;\">Il nostro team, ora arricchito da nuovi membri, conta settanta partecipanti, dimostrando una crescita significativa rispetto agli anni precedenti. Siamo entusiasti di continuare a migliorare e a dare il meglio di noi, nonostante la fatica accumulata durante questa intensa fase.<\/span><\/p><p style=\"padding-left: 80px;\"><strong><span style=\"font-size: 24px;\">1001 VelaCup<\/span><\/strong><\/p><p style=\"padding-left: 80px;\"><span style=\"font-size: 18.6667px;\">Per chiudere l&#8217;anno, ci siamo classificati secondi al premio dedicato alla memoria di Mainaldo Maneschi.<\/span><\/p><p style=\"padding-left: 80px;\"><span style=\"font-size: 18.6667px;\">Questo riconoscimento viene assegnato sulla base di una valutazione complessiva dell&#8217;imbarcazione, che comprende sia il punteggio ottenuto per il miglior progetto, sia i risultati ottenuti durante le regate del Trofeo 1001 VelaCup in corso. Il giudizio viene espresso da una giuria qualificata composta da: il Presidente della 1001 VelaCup, un progettista, un velista, un esperto del settore nautico e un giornalista.\u00a0\u00a0<\/span><\/p><p><\/p><p><\/p><p style=\"padding-left: 80px;\"><span style=\"font-size: 18.6667px;\">\u00a0<\/span><\/p><p><span style=\"font-size: 24px;\"><b>\u00a0 \u00a0 \u00a0 \u00a0 \u00a0 \u00a0 \u00a0<\/b><\/span><\/p>\t\t\t\t\t\t\t\t<\/div>\n\t\t\t\t<\/div>\n\t\t\t\t\t<\/div>\n\t\t<\/div>\n\t\t\t\t\t<\/div>\n\t\t<\/section>\n\t\t\t\t<\/div>\n\t\t","protected":false},"excerpt":{"rendered":"<p>Audace Sailing Team Dalle aule al mare: la nascita del team La nostra storia comincia con un gruppo di studenti di ingegneria, desiderosi di sporcarsi le mani e mettere in pratica quanto appreso in aula, tutti con una grande passione: la vela.In cerca di opportunit\u00e0 su questa linea, scopriamo la [&hellip;]<\/p>\n","protected":false},"author":1,"featured_media":1105,"parent":0,"menu_order":0,"comment_status":"closed","ping_status":"closed","template":"page-templates\/template-pagebuilder-full-width.php","meta":{"footnotes":""},"class_list":["post-2495","page","type-page","status-publish","has-post-thumbnail","hentry"],"_links":{"self":[{"href":"https:\/\/audace.units.it\/index.php?rest_route=\/wp\/v2\/pages\/2495","targetHints":{"allow":["GET"]}}],"collection":[{"href":"https:\/\/audace.units.it\/index.php?rest_route=\/wp\/v2\/pages"}],"about":[{"href":"https:\/\/audace.units.it\/index.php?rest_route=\/wp\/v2\/types\/page"}],"author":[{"embeddable":true,"href":"https:\/\/audace.units.it\/index.php?rest_route=\/wp\/v2\/users\/1"}],"replies":[{"embeddable":true,"href":"https:\/\/audace.units.it\/index.php?rest_route=%2Fwp%2Fv2%2Fcomments&post=2495"}],"version-history":[{"count":67,"href":"https:\/\/audace.units.it\/index.php?rest_route=\/wp\/v2\/pages\/2495\/revisions"}],"predecessor-version":[{"id":3141,"href":"https:\/\/audace.units.it\/index.php?rest_route=\/wp\/v2\/pages\/2495\/revisions\/3141"}],"wp:featuredmedia":[{"embeddable":true,"href":"https:\/\/audace.units.it\/index.php?rest_route=\/wp\/v2\/media\/1105"}],"wp:attachment":[{"href":"https:\/\/audace.units.it\/index.php?rest_route=%2Fwp%2Fv2%2Fmedia&parent=2495"}],"curies":[{"name":"wp","href":"https:\/\/api.w.org\/{rel}","templated":true}]}}