{"id":565,"date":"2022-12-08T10:08:01","date_gmt":"2022-12-08T09:08:01","guid":{"rendered":"https:\/\/audace.units.it\/?page_id=565"},"modified":"2023-02-16T11:58:36","modified_gmt":"2023-02-16T10:58:36","slug":"progetti-di-ricerca","status":"publish","type":"page","link":"https:\/\/audace.units.it\/?page_id=565","title":{"rendered":"Progetti di ricerca"},"content":{"rendered":"\n<blockquote class=\"wp-block-quote has-text-align-center is-layout-flow wp-block-quote-is-layout-flow\">\n<p><strong>La ricerca \u00e8 per definizione movimento: ci\u00f2 che era vero ieri non lo \u00e8 pi\u00f9 oggi, e sar\u00e0 ancora modificato domani.<\/strong><\/p>\n<cite>Piero Angela<\/cite><\/blockquote>\n\n\n\n<p>La ricerca rappresenta per Audace\u00a0Sailing\u00a0Team un caposaldo che impegna numerosi membri\u00a0del team\u00a0e i risultati lo dimostrano. In tre anni siamo riusciti a varare tre diverse barche frutti di tre diversi progetti ma di un unico lavoro di ricerca e ottimizzazione. Ogni anno infatti abbiamo cercato di migliorare ogni elemento delle nostre barche precedenti con l\u2019introduzione di nuovi elementi ed espedienti ingegneristici, il cui ultimo risultato \u00e8 stati quello di essere riusciti a varare la barca pi\u00f9 leggera di categoria capace di vincere la sua prima regata a pochi giorni dal varo.<\/p>\n","protected":false},"excerpt":{"rendered":"<p>La ricerca \u00e8 per definizione movimento: ci\u00f2 che era vero ieri non lo \u00e8 pi\u00f9 oggi, e sar\u00e0 ancora modificato domani. Piero Angela La ricerca rappresenta per Audace\u00a0Sailing\u00a0Team un caposaldo che impegna numerosi membri\u00a0del team\u00a0e i risultati lo dimostrano. In tre anni siamo riusciti a varare tre diverse barche frutti [&hellip;]<\/p>\n","protected":false},"author":1,"featured_media":874,"parent":561,"menu_order":0,"comment_status":"closed","ping_status":"closed","template":"","meta":{"footnotes":""},"class_list":["post-565","page","type-page","status-publish","has-post-thumbnail","hentry"],"_links":{"self":[{"href":"https:\/\/audace.units.it\/index.php?rest_route=\/wp\/v2\/pages\/565","targetHints":{"allow":["GET"]}}],"collection":[{"href":"https:\/\/audace.units.it\/index.php?rest_route=\/wp\/v2\/pages"}],"about":[{"href":"https:\/\/audace.units.it\/index.php?rest_route=\/wp\/v2\/types\/page"}],"author":[{"embeddable":true,"href":"https:\/\/audace.units.it\/index.php?rest_route=\/wp\/v2\/users\/1"}],"replies":[{"embeddable":true,"href":"https:\/\/audace.units.it\/index.php?rest_route=%2Fwp%2Fv2%2Fcomments&post=565"}],"version-history":[{"count":4,"href":"https:\/\/audace.units.it\/index.php?rest_route=\/wp\/v2\/pages\/565\/revisions"}],"predecessor-version":[{"id":1100,"href":"https:\/\/audace.units.it\/index.php?rest_route=\/wp\/v2\/pages\/565\/revisions\/1100"}],"up":[{"embeddable":true,"href":"https:\/\/audace.units.it\/index.php?rest_route=\/wp\/v2\/pages\/561"}],"wp:featuredmedia":[{"embeddable":true,"href":"https:\/\/audace.units.it\/index.php?rest_route=\/wp\/v2\/media\/874"}],"wp:attachment":[{"href":"https:\/\/audace.units.it\/index.php?rest_route=%2Fwp%2Fv2%2Fmedia&parent=565"}],"curies":[{"name":"wp","href":"https:\/\/api.w.org\/{rel}","templated":true}]}}