{"id":86,"date":"2022-04-28T20:39:18","date_gmt":"2022-04-28T18:39:18","guid":{"rendered":"https:\/\/audace.units.it\/?page_id=86"},"modified":"2024-12-02T09:14:06","modified_gmt":"2024-12-02T08:14:06","slug":"progettazione","status":"publish","type":"page","link":"https:\/\/audace.units.it\/?page_id=86","title":{"rendered":"Progettazione"},"content":{"rendered":"\n<p><\/p>\n\n\n\n<p>Area&nbsp;del team&nbsp;che permette la messa in pratica della teoria studiata a lezione, su un progetto concreto e reale.&nbsp;&nbsp;I nostri progettisti sono studenti di ingegneria navale che frequentano i corsi sia di Laurea triennale che di Laurea magistrale, il cui compito \u00e8 disegnare e mettere a punto ogni dettaglio delle nostre imbarcazioni. Ci\u00f2 implica uno studio approfondito di tutte le forze che entrano in gioco sia durante la navigazione che durante le fasi costruzione e assemblaggio. A questo si somma lo studio e la conseguente generazione di carene con linee d\u2019acqua capaci di soddisfare tutti quei requisiti che vengono richieste. Tutto ci\u00f2 \u00e8 possibile anche grazie all\u2019utilizzo di software di ultima generazione con&nbsp;modeFRONTIER\u00ae&nbsp;(powered&nbsp;by&nbsp;Esteco) per la verifica (testing) e la realizzazione, in abbinata con simulazioni computerizzate tramite software ad elementi finiti.<\/p>\n\n\n\n<p>Nel 2023 il reparto ha realizzato un moth per la competizione internazionale universitaria SuMoth23 nella quale ha vinto l\u2019overall. Il nostro punto forte \u00e8 stato la progettazione di uno scafo con minore resistenza possibile ma maggiore stabilit\u00e0, \u00e8 stato inoltre anche sviluppato un workflow per l\u2019ottimizzazione dei profili dei foil che consentono all\u2019imbarcazione di sollevarsi dall\u2019acqua. <\/p>\n\n\n\n<p>Nel 2024 il team ha vinto la fase di design alla SuMoth24 grazie all\u2019introduzione di nuove competenze nell\u2019utilizzo di materiali compositi durante la fase di progettazione. Queste innovazioni hanno permesso di realizzare i i primi verticali e orizzontali in fibra di lino.<\/p>\n\n\n\n<p>Per il 2025 \u00e8 in fase di progettazione un nuovo moth che sfrutta l\u2019esperienza acquisita negli anni precedenti con l\u2019obiettivo di migliorare ulteriormente i limiti della prestazione e l\u2019innovazione del design.<\/p>\n","protected":false},"excerpt":{"rendered":"<p>Area&nbsp;del team&nbsp;che permette la messa in pratica della teoria studiata a lezione, su un progetto concreto e reale.&nbsp;&nbsp;I nostri progettisti sono studenti di ingegneria navale che frequentano i corsi sia di Laurea triennale che di Laurea magistrale, il cui compito \u00e8 disegnare e mettere a punto ogni dettaglio delle nostre [&hellip;]<\/p>\n","protected":false},"author":1,"featured_media":942,"parent":81,"menu_order":0,"comment_status":"closed","ping_status":"closed","template":"","meta":{"footnotes":""},"class_list":["post-86","page","type-page","status-publish","has-post-thumbnail","hentry"],"_links":{"self":[{"href":"https:\/\/audace.units.it\/index.php?rest_route=\/wp\/v2\/pages\/86","targetHints":{"allow":["GET"]}}],"collection":[{"href":"https:\/\/audace.units.it\/index.php?rest_route=\/wp\/v2\/pages"}],"about":[{"href":"https:\/\/audace.units.it\/index.php?rest_route=\/wp\/v2\/types\/page"}],"author":[{"embeddable":true,"href":"https:\/\/audace.units.it\/index.php?rest_route=\/wp\/v2\/users\/1"}],"replies":[{"embeddable":true,"href":"https:\/\/audace.units.it\/index.php?rest_route=%2Fwp%2Fv2%2Fcomments&post=86"}],"version-history":[{"count":5,"href":"https:\/\/audace.units.it\/index.php?rest_route=\/wp\/v2\/pages\/86\/revisions"}],"predecessor-version":[{"id":3134,"href":"https:\/\/audace.units.it\/index.php?rest_route=\/wp\/v2\/pages\/86\/revisions\/3134"}],"up":[{"embeddable":true,"href":"https:\/\/audace.units.it\/index.php?rest_route=\/wp\/v2\/pages\/81"}],"wp:featuredmedia":[{"embeddable":true,"href":"https:\/\/audace.units.it\/index.php?rest_route=\/wp\/v2\/media\/942"}],"wp:attachment":[{"href":"https:\/\/audace.units.it\/index.php?rest_route=%2Fwp%2Fv2%2Fmedia&parent=86"}],"curies":[{"name":"wp","href":"https:\/\/api.w.org\/{rel}","templated":true}]}}