{"id":93,"date":"2022-04-28T20:44:03","date_gmt":"2022-04-28T18:44:03","guid":{"rendered":"https:\/\/audace.units.it\/?page_id=93"},"modified":"2024-11-26T11:12:58","modified_gmt":"2024-11-26T10:12:58","slug":"cantiere","status":"publish","type":"page","link":"https:\/\/audace.units.it\/?page_id=93","title":{"rendered":"Cantiere"},"content":{"rendered":"\t\t<div data-elementor-type=\"wp-page\" data-elementor-id=\"93\" class=\"elementor elementor-93\" data-elementor-post-type=\"page\">\n\t\t\t\t\t\t<section class=\"elementor-section elementor-top-section elementor-element elementor-element-7ed86e40 elementor-section-boxed elementor-section-height-default elementor-section-height-default\" data-id=\"7ed86e40\" data-element_type=\"section\" data-e-type=\"section\">\n\t\t\t\t\t\t<div class=\"elementor-container elementor-column-gap-default\">\n\t\t\t\t\t<div class=\"elementor-column elementor-col-100 elementor-top-column elementor-element elementor-element-37388c7\" data-id=\"37388c7\" data-element_type=\"column\" data-e-type=\"column\">\n\t\t\t<div class=\"elementor-widget-wrap elementor-element-populated\">\n\t\t\t\t\t\t<div class=\"elementor-element elementor-element-7eae4748 elementor-widget elementor-widget-text-editor\" data-id=\"7eae4748\" data-element_type=\"widget\" data-e-type=\"widget\" data-widget_type=\"text-editor.default\">\n\t\t\t\t<div class=\"elementor-widget-container\">\n\t\t\t\t\t\t\t\t\t<p><\/p>\n<p>Collocato all\u2019interno di un edificio dell\u2019Universit\u00e0 degli Studi di Trieste, il nostro cantiere rappresenta la culla di tutte le nostre barche. Ogni singola parte delle nostre barche viene infatti creata in questo luogo. Tutto ci\u00f2 \u00e8 per\u00f2 possibile grazie ad un corposo gruppo di ragazzi e ragazze appartenenti a diversi corsi di laurea ma accumunati dalla passione di veder realizzato ci\u00f2 che prima era solo visibile attraverso uno schermo di un computer. In questi anni Audace&nbsp;Sailing&nbsp;Team si \u00e8 dimostrata capace di effettuare diverse lavorazioni come la laminazione di elementi dalla forma complessa. Grande vanto di questo reparto \u00e8 il processo VARTM, una tecnica per infusione sottovuoto. Questa lavorazione \u00e8 stata adoperata sia per Lina che per Bai-Lina Rossa e questo ci pone come una delle poche realt\u00e0 a livello europeo capace di realizzare infusioni sottovuoto di grandi dimensioni con fibre naturali.<\/p>\n<p><\/p>\t\t\t\t\t\t\t\t<\/div>\n\t\t\t\t<\/div>\n\t\t\t\t\t<\/div>\n\t\t<\/div>\n\t\t\t\t\t<\/div>\n\t\t<\/section>\n\t\t\t\t<\/div>\n\t\t","protected":false},"excerpt":{"rendered":"<p>Collocato all\u2019interno di un edificio dell\u2019Universit\u00e0 degli Studi di Trieste, il nostro cantiere rappresenta la culla di tutte le nostre barche. Ogni singola parte delle nostre barche viene infatti creata in questo luogo. Tutto ci\u00f2 \u00e8 per\u00f2 possibile grazie ad un corposo gruppo di ragazzi e ragazze appartenenti a diversi [&hellip;]<\/p>\n","protected":false},"author":1,"featured_media":1033,"parent":81,"menu_order":0,"comment_status":"closed","ping_status":"closed","template":"","meta":{"footnotes":""},"class_list":["post-93","page","type-page","status-publish","has-post-thumbnail","hentry"],"_links":{"self":[{"href":"https:\/\/audace.units.it\/index.php?rest_route=\/wp\/v2\/pages\/93","targetHints":{"allow":["GET"]}}],"collection":[{"href":"https:\/\/audace.units.it\/index.php?rest_route=\/wp\/v2\/pages"}],"about":[{"href":"https:\/\/audace.units.it\/index.php?rest_route=\/wp\/v2\/types\/page"}],"author":[{"embeddable":true,"href":"https:\/\/audace.units.it\/index.php?rest_route=\/wp\/v2\/users\/1"}],"replies":[{"embeddable":true,"href":"https:\/\/audace.units.it\/index.php?rest_route=%2Fwp%2Fv2%2Fcomments&post=93"}],"version-history":[{"count":15,"href":"https:\/\/audace.units.it\/index.php?rest_route=\/wp\/v2\/pages\/93\/revisions"}],"predecessor-version":[{"id":3131,"href":"https:\/\/audace.units.it\/index.php?rest_route=\/wp\/v2\/pages\/93\/revisions\/3131"}],"up":[{"embeddable":true,"href":"https:\/\/audace.units.it\/index.php?rest_route=\/wp\/v2\/pages\/81"}],"wp:featuredmedia":[{"embeddable":true,"href":"https:\/\/audace.units.it\/index.php?rest_route=\/wp\/v2\/media\/1033"}],"wp:attachment":[{"href":"https:\/\/audace.units.it\/index.php?rest_route=%2Fwp%2Fv2%2Fmedia&parent=93"}],"curies":[{"name":"wp","href":"https:\/\/api.w.org\/{rel}","templated":true}]}}